{"id":15,"date":"2020-06-17T17:06:35","date_gmt":"2020-06-17T17:06:35","guid":{"rendered":"http:\/\/top-latino.com\/?page_id=15"},"modified":"2020-06-17T17:06:35","modified_gmt":"2020-06-17T17:06:35","slug":"acerca-de","status":"publish","type":"page","link":"http:\/\/top-latino.com\/index.php\/acerca-de\/","title":{"rendered":"Acerca de"},"content":{"rendered":"\n<p>Pod\u00e9s ser un artista que quiere presentarse a s\u00ed mismo y a su trabajo o eres un negocio con una misi\u00f3n que describir.<\/p>\n","protected":false},"excerpt":{"rendered":"<p>Pod\u00e9s ser un artista que quiere presentarse a s\u00ed mismo y a su trabajo o eres un negocio con una misi\u00f3n que describir.<\/p>\n","protected":false},"author":1,"featured_media":12,"parent":0,"menu_order":0,"comment_status":"closed","ping_status":"closed","template":"","meta":{"footnotes":""},"class_list":["post-15","page","type-page","status-publish","has-post-thumbnail","hentry"],"_links":{"self":[{"href":"http:\/\/top-latino.com\/index.php\/wp-json\/wp\/v2\/pages\/15"}],"collection":[{"href":"http:\/\/top-latino.com\/index.php\/wp-json\/wp\/v2\/pages"}],"about":[{"href":"http:\/\/top-latino.com\/index.php\/wp-json\/wp\/v2\/types\/page"}],"author":[{"embeddable":true,"href":"http:\/\/top-latino.com\/index.php\/wp-json\/wp\/v2\/users\/1"}],"replies":[{"embeddable":true,"href":"http:\/\/top-latino.com\/index.php\/wp-json\/wp\/v2\/comments?post=15"}],"version-history":[{"count":1,"href":"http:\/\/top-latino.com\/index.php\/wp-json\/wp\/v2\/pages\/15\/revisions"}],"predecessor-version":[{"id":21,"href":"http:\/\/top-latino.com\/index.php\/wp-json\/wp\/v2\/pages\/15\/revisions\/21"}],"wp:featuredmedia":[{"embeddable":true,"href":"http:\/\/top-latino.com\/index.php\/wp-json\/wp\/v2\/media\/12"}],"wp:attachment":[{"href":"http:\/\/top-latino.com\/index.php\/wp-json\/wp\/v2\/media?parent=15"}],"curies":[{"name":"wp","href":"https:\/\/api.w.org\/{rel}","templated":true}]}}